{"id":1901,"date":"2022-08-22T11:31:40","date_gmt":"2022-08-22T11:31:40","guid":{"rendered":"https:\/\/shop.bikeomania-obrigheim.de\/?post_type=product&#038;p=1901"},"modified":"2024-01-11T09:48:01","modified_gmt":"2024-01-11T09:48:01","slug":"bergamonster-20-boy","status":"publish","type":"product","link":"https:\/\/shop.bikeomania-obrigheim.de\/?product=bergamonster-20-boy","title":{"rendered":"Bergamonster 20 Boy"},"content":{"rendered":"<h2><img class=\"alignnone wp-image-1218\" src=\"https:\/\/shop.bikeomania-obrigheim.de\/wp-content\/uploads\/2021\/09\/Bergamont-Logo-300x125.png\" alt=\"\" width=\"211\" height=\"88\" srcset=\"https:\/\/shop.bikeomania-obrigheim.de\/wp-content\/uploads\/2021\/09\/Bergamont-Logo-300x125.png 300w, https:\/\/shop.bikeomania-obrigheim.de\/wp-content\/uploads\/2021\/09\/Bergamont-Logo.png 586w\" sizes=\"(max-width: 211px) 100vw, 211px\" \/><\/h2>\n<h1 class=\"headline bike-configuration__headline\" data-sku=\"7149-2021\" data-model-code=\"C65451M\">Bergamonster 20 Boy<\/h1>\n<div class=\"c-bike-details__prices\">\n<h3><\/h3>\n<h3 class=\"c-bike-details__prices-text\"><strong>399,00 EU<\/strong>R<\/h3>\n<div class=\"c-bike-details__prices-note\">Unverbindliche Preisempfehlung (inklusive der g\u00fcltigen gesetzlichen MwSt.)<\/div>\n<\/div>\n<div><\/div>\n<pre>Verf\u00fcgbar Obrigheim: one size 20\"\r\n<\/pre>\n<h4><\/h4>\n<p>&nbsp;<\/p>\n<h3 class=\"title18 font-bold text-uppercase\"><a href=\"https:\/\/www.bergamont.com\/de\/de\/product\/bergamont-bergamonster-20-boy\" target=\"_blank\" rel=\"noopener\"><span style=\"color: #00ff00\"><strong><span style=\"color: #8cb425\">Zur Hertsellerseite<\/span><\/strong><\/span><\/a><\/h3>\n<p>&nbsp;<\/p>\n<p>Besonderheiten:<\/p>\n<ul>\n<li>Suntour Federgabel mit 40 mm Federweg und weicher Feder<\/li>\n<li>Zuverl\u00e4ssige Shimano 1&#215;7 Schalttechnologie<\/li>\n<\/ul>\n<p>&nbsp;<\/p>\n","protected":false},"excerpt":{"rendered":"<p>Bringt monsterm\u00e4\u00dfig Spa\u00df: leichtes 20&#8243;-Kids-Boy Bike mit Federgabel und kindgerechter Geometrie, f\u00fcr optimales, ergonomisches Pedalieren.<\/p>\n","protected":false},"featured_media":1902,"template":"","meta":[],"product_cat":[69],"product_tag":[],"_links":{"self":[{"href":"https:\/\/shop.bikeomania-obrigheim.de\/index.php?rest_route=\/wp\/v2\/product\/1901"}],"collection":[{"href":"https:\/\/shop.bikeomania-obrigheim.de\/index.php?rest_route=\/wp\/v2\/product"}],"about":[{"href":"https:\/\/shop.bikeomania-obrigheim.de\/index.php?rest_route=\/wp\/v2\/types\/product"}],"wp:featuredmedia":[{"embeddable":true,"href":"https:\/\/shop.bikeomania-obrigheim.de\/index.php?rest_route=\/wp\/v2\/media\/1902"}],"wp:attachment":[{"href":"https:\/\/shop.bikeomania-obrigheim.de\/index.php?rest_route=%2Fwp%2Fv2%2Fmedia&parent=1901"}],"wp:term":[{"taxonomy":"product_cat","embeddable":true,"href":"https:\/\/shop.bikeomania-obrigheim.de\/index.php?rest_route=%2Fwp%2Fv2%2Fproduct_cat&post=1901"},{"taxonomy":"product_tag","embeddable":true,"href":"https:\/\/shop.bikeomania-obrigheim.de\/index.php?rest_route=%2Fwp%2Fv2%2Fproduct_tag&post=1901"}],"curies":[{"name":"wp","href":"https:\/\/api.w.org\/{rel}","templated":true}]}}