{"id":1967,"date":"2022-10-06T09:27:18","date_gmt":"2022-10-06T09:27:18","guid":{"rendered":"https:\/\/shop.bikeomania-obrigheim.de\/?post_type=product&#038;p=1967"},"modified":"2024-02-06T00:01:11","modified_gmt":"2024-02-06T00:01:11","slug":"charger4-mixte-gt-vario","status":"publish","type":"product","link":"https:\/\/shop.bikeomania-obrigheim.de\/?product=charger4-mixte-gt-vario","title":{"rendered":"R&amp;M Charger4 Mixte GT Vario"},"content":{"rendered":"<h2><img class=\"alignnone wp-image-1299 size-medium\" src=\"https:\/\/shop.bikeomania-obrigheim.de\/wp-content\/uploads\/2021\/10\/Riese-und-Mueller-logo-300x46.png\" alt=\"\" width=\"300\" height=\"46\" srcset=\"https:\/\/shop.bikeomania-obrigheim.de\/wp-content\/uploads\/2021\/10\/Riese-und-Mueller-logo-300x46.png 300w, https:\/\/shop.bikeomania-obrigheim.de\/wp-content\/uploads\/2021\/10\/Riese-und-Mueller-logo.png 681w\" sizes=\"(max-width: 300px) 100vw, 300px\" \/><\/h2>\n<h1 class=\"headline bike-configuration__headline\" data-sku=\"7149-2021\" data-model-code=\"C65451M\">Charger4 Mixte GT Vario<\/h1>\n<div class=\"c-bike-details__prices\">\n<h3><\/h3>\n<h3 class=\"c-bike-details__prices-text\"><strong>5.354,00 EU<\/strong>R<\/h3>\n<div class=\"c-bike-details__prices-note\">Unverbindliche Preisempfehlung (inklusive der g\u00fcltigen gesetzlichen MwSt.)<\/div>\n<\/div>\n<div><\/div>\n<pre>Verf\u00fcgbar Obrigheim: 49cm, 53cm\r\nFarben : ceramic white \/ storm blue matt\r\n\r\n<\/pre>\n<p>&nbsp;<\/p>\n<h3 class=\"title18 font-bold text-uppercase\"><a href=\"https:\/\/www.r-m.de\/de\/bikes\/charger4-mixte\/charger4-mixte-gt-vario\/#F01113_04010806\" target=\"_blank\" rel=\"noopener\"><span style=\"color: #00ff00\"><strong><span style=\"color: #8cb425\">Zur Hertsellerseite<\/span><\/strong><\/span><\/a><\/h3>\n<p>&nbsp;<\/p>\n<p>Besonderheiten:<\/p>\n<ul>\n<li>Bosch Performance Line CX (smart system)<\/li>\n<li>Bosch Kiox 300<\/li>\n<li>Enviolo<\/li>\n<li>Akku Bosch PowerTube 750<\/li>\n<li>SR Suntour Mobie 34, Air, tapered, 100mm<\/li>\n<\/ul>\n<p>&nbsp;<\/p>\n","protected":false},"excerpt":{"rendered":"<header id=\"mod-section-1\" class=\"section\" data-module=\"section\" data-series-name=\"Charger4 Mixte\">\n<div id=\"mod-m01-header-animated-1\" class=\"module module-gapless m01-header-animated m01-header-animated--animated m01-header-animated--show-breadcrumb m01-header-animated--expand-mobile inverted-gui\" data-module=\"m01-header-animated\">\n<div class=\"container-center\">\n<div class=\"grid\">\n<div class=\"s-12 m-12 l-8 l-left-2\">\n<div class=\"animated-content-wrapper text-spaces\">\n<p class=\"m01-header-animated__wrapper-content poster\"><span class=\"m01-header-animated__content-copy\">Das Charger4 Mixte ist das Alltags-E-Bike f\u00fcr langanhaltende Freude beim Fahren. Das leicht abgesenkte Oberrohr erm\u00f6glicht bequemes Auf- und Absteigen, w\u00e4hrend Federgabel und gefederte Sattelst\u00fctze f\u00fcr hohen Fahrkomfort sorgen. Dank vollintegriertem 750 Wh Akku begleitet es Sie entspannt durch den Alltag und noch viel weiter. Mit dem neuen System von Bosch sind Sie immer einen Schritt voraus und behalten dank integriertem Cockpit mit Display und der LED-Remote stets den \u00dcberblick. Und wenn Sie ihn doch einmal verlieren sollten, weist Ihnen das Dauerlicht mit tagheller Beleuchtung den Weg.<\/span><\/p>\n<\/div>\n<\/div>\n<\/div>\n<\/div>\n<\/div>\n<\/header>\n<section id=\"mod-section-2\" class=\"section\" data-module=\"section\">\n<div class=\"module m08-multimedia module-gapless-before\">\n<div class=\"container-center\">\n<div class=\"grid\"><\/div>\n<\/div>\n<\/div>\n<\/section>\n","protected":false},"featured_media":1968,"template":"","meta":[],"product_cat":[62,61],"product_tag":[],"_links":{"self":[{"href":"https:\/\/shop.bikeomania-obrigheim.de\/index.php?rest_route=\/wp\/v2\/product\/1967"}],"collection":[{"href":"https:\/\/shop.bikeomania-obrigheim.de\/index.php?rest_route=\/wp\/v2\/product"}],"about":[{"href":"https:\/\/shop.bikeomania-obrigheim.de\/index.php?rest_route=\/wp\/v2\/types\/product"}],"wp:featuredmedia":[{"embeddable":true,"href":"https:\/\/shop.bikeomania-obrigheim.de\/index.php?rest_route=\/wp\/v2\/media\/1968"}],"wp:attachment":[{"href":"https:\/\/shop.bikeomania-obrigheim.de\/index.php?rest_route=%2Fwp%2Fv2%2Fmedia&parent=1967"}],"wp:term":[{"taxonomy":"product_cat","embeddable":true,"href":"https:\/\/shop.bikeomania-obrigheim.de\/index.php?rest_route=%2Fwp%2Fv2%2Fproduct_cat&post=1967"},{"taxonomy":"product_tag","embeddable":true,"href":"https:\/\/shop.bikeomania-obrigheim.de\/index.php?rest_route=%2Fwp%2Fv2%2Fproduct_tag&post=1967"}],"curies":[{"name":"wp","href":"https:\/\/api.w.org\/{rel}","templated":true}]}}