{"id":2163,"date":"2023-08-04T13:22:49","date_gmt":"2023-08-04T13:22:49","guid":{"rendered":"https:\/\/shop.bikeomania-obrigheim.de\/?post_type=product&#038;p=2163"},"modified":"2024-01-18T13:01:17","modified_gmt":"2024-01-18T13:01:17","slug":"e-ville-suv-tour-2","status":"publish","type":"product","link":"https:\/\/shop.bikeomania-obrigheim.de\/?product=e-ville-suv-tour-2","title":{"rendered":"BGM E-Ville SUV Tour"},"content":{"rendered":"<h2><\/h2>\n<p><a href=\"https:\/\/shop.bikeomania-obrigheim.de\/wp-content\/uploads\/2023\/08\/Bergamont-Logo-300x125-3.png\"><img class=\"alignnone wp-image-2150\" src=\"https:\/\/shop.bikeomania-obrigheim.de\/wp-content\/uploads\/2023\/08\/Bergamont-Logo-300x125-3.png\" alt=\"\" width=\"262\" height=\"109\" \/><\/a><\/p>\n<h1 class=\"hiphen\">E-Ville SUV Tour<\/h1>\n<div class=\"c-bike-details__prices\">\n<h3>4.699,00 UVP<\/h3>\n<h3 class=\"c-bike-details__prices-text\"><\/h3>\n<div class=\"c-bike-details__prices-note\">Unverbindliche Preisempfehlung (inklusive der g\u00fcltigen gesetzlichen MwSt.)<\/div>\n<\/div>\n<div><\/div>\n<pre>Verf\u00fcgbar Obrigheim:  50cm\r\n\r\nVerf\u00fcgbar Buchen: 54cm\/58cm\r\n\r\n<\/pre>\n<h4><\/h4>\n<p>&nbsp;<\/p>\n<h3 class=\"title18 font-bold text-uppercase\"><a href=\"https:\/\/www.bergamont.com\/de\/de\/product\/bergamont-e-ville-suv-tour?article=290930054\" target=\"_blank\" rel=\"noopener\"><span style=\"color: #00ff00\"><strong><span style=\"color: #8cb425\">Zur Hertsellerseite<\/span><\/strong><\/span><\/a><\/h3>\n<p>&nbsp;<\/p>\n<p>Besonderheiten:<\/p>\n<ul>\n<li>28\u2033, lite AL-6061 Rohrsatz, PowerTube Akku<\/li>\n<li>Suntour Mobie 25, 100 mm, Steckachse<\/li>\n<li>Shimano Deore Linkglide, 1&#215;10<\/li>\n<li>Bosch BES3 Performance Line CX, 625 Wh Akku<\/li>\n<li>Shimano BR-MT200, hydraulische Scheibenbremse<\/li>\n<li>Ryde Rival 23 Felgen, Shimano Naben<\/li>\n<li>Schwalbe Smart Sam Plus, Reflex, 54-622<\/li>\n<li>B&amp;M Dopp LED, 35 Lux \/ B&amp;M Toplight LED mit Bremslicht<\/li>\n<\/ul>\n","protected":false},"excerpt":{"rendered":"<p>Wenn der Stadtkern die Almh\u00fctte ist, bist du mit der All-Terrain-Version des E-Ville bestens ger\u00fcstet: perfekter Reifen-Grip auf unbefestigten Wegen, maximale Flexibilit\u00e4t f\u00fcr Ausr\u00fcstung und Gep\u00e4ck durch die Multiple-Mount-Solution und der M\u00f6glichkeit, einen zweiten Akku f\u00fcr mehr Reichweite nachzur\u00fcsten. Zul\u00e4ssiges Gesamtgewicht: 160\u00a0kg<\/p>\n","protected":false},"featured_media":2289,"template":"","meta":[],"product_cat":[61],"product_tag":[],"_links":{"self":[{"href":"https:\/\/shop.bikeomania-obrigheim.de\/index.php?rest_route=\/wp\/v2\/product\/2163"}],"collection":[{"href":"https:\/\/shop.bikeomania-obrigheim.de\/index.php?rest_route=\/wp\/v2\/product"}],"about":[{"href":"https:\/\/shop.bikeomania-obrigheim.de\/index.php?rest_route=\/wp\/v2\/types\/product"}],"wp:featuredmedia":[{"embeddable":true,"href":"https:\/\/shop.bikeomania-obrigheim.de\/index.php?rest_route=\/wp\/v2\/media\/2289"}],"wp:attachment":[{"href":"https:\/\/shop.bikeomania-obrigheim.de\/index.php?rest_route=%2Fwp%2Fv2%2Fmedia&parent=2163"}],"wp:term":[{"taxonomy":"product_cat","embeddable":true,"href":"https:\/\/shop.bikeomania-obrigheim.de\/index.php?rest_route=%2Fwp%2Fv2%2Fproduct_cat&post=2163"},{"taxonomy":"product_tag","embeddable":true,"href":"https:\/\/shop.bikeomania-obrigheim.de\/index.php?rest_route=%2Fwp%2Fv2%2Fproduct_tag&post=2163"}],"curies":[{"name":"wp","href":"https:\/\/api.w.org\/{rel}","templated":true}]}}