{"id":2192,"date":"2023-08-05T08:01:54","date_gmt":"2023-08-05T08:01:54","guid":{"rendered":"https:\/\/shop.bikeomania-obrigheim.de\/?post_type=product&#038;p=2192"},"modified":"2024-01-18T09:02:53","modified_gmt":"2024-01-18T09:02:53","slug":"moterra-neo-carbon-2","status":"publish","type":"product","link":"https:\/\/shop.bikeomania-obrigheim.de\/?product=moterra-neo-carbon-2","title":{"rendered":"Cannondale Trail Neo 1"},"content":{"rendered":"<h2><a href=\"https:\/\/shop.bikeomania-obrigheim.de\/wp-content\/uploads\/2023\/08\/Download.png\"><img class=\"alignnone size-medium wp-image-2181\" src=\"https:\/\/shop.bikeomania-obrigheim.de\/wp-content\/uploads\/2023\/08\/Download-300x39.png\" alt=\"\" width=\"300\" height=\"39\" srcset=\"https:\/\/shop.bikeomania-obrigheim.de\/wp-content\/uploads\/2023\/08\/Download-300x39.png 300w, https:\/\/shop.bikeomania-obrigheim.de\/wp-content\/uploads\/2023\/08\/Download-500x64.png 500w, https:\/\/shop.bikeomania-obrigheim.de\/wp-content\/uploads\/2023\/08\/Download.png 600w\" sizes=\"(max-width: 300px) 100vw, 300px\" \/><\/a><\/h2>\n<h1 class=\"hiphen\">Trail Neo 1<\/h1>\n<div class=\"c-bike-details__prices\">\n<h3>4.499,00 UVP<\/h3>\n<h3 class=\"c-bike-details__prices-text\"><\/h3>\n<div class=\"c-bike-details__prices-note\">Unverbindliche Preisempfehlung (inklusive der g\u00fcltigen gesetzlichen MwSt.)<\/div>\n<\/div>\n<div><\/div>\n<pre>Verf\u00fcgbar Obrigheim : M\r\n\r\n\r\n\r\n<\/pre>\n<h4><\/h4>\n<p>&nbsp;<\/p>\n<h3 class=\"title18 font-bold text-uppercase\"><a href=\"https:\/\/www.cannondale.com\/de-de\/bikes\/electric\/e-mountain\/trail-neo\/trail-neo-1-c61171m\" target=\"_blank\" rel=\"noopener\"><span style=\"color: #00ff00\"><strong><span style=\"color: #8cb425\">Herstellerseite<\/span><\/strong><\/span><\/a><\/h3>\n<p>&nbsp;<\/p>\n<p>Besonderheiten:<\/p>\n<ul>\n<li>Rahmen aus Premium SmartForm C1, herausnehmbarer, integrierter 750-Wh-Akku<\/li>\n<li>Shimano Deore 12-fach-Antrieb \/ MT420 hydraulische Scheibenbremsen<\/li>\n<li>Bosch SmartSystem mit Performance Line CX Antriebseinheit \/ 750-Wh-Akku \/ Kiox-Display \/ Reichweite: bis zu 175\u00a0km<\/li>\n<\/ul>\n","protected":false},"excerpt":{"rendered":"<p>Mit diesem Bike kannst du jetzt souver\u00e4n noch weiter und schneller fahren als jemals zuvor. Das Trail Neo macht keine Kompromisse bei der Ausstattung: standfeste hydraulische Scheibenbremsen, breiter Lenker und kurzer Vorbau. Und gleichzeitig ist es extrem vielseitig dank vorinstallierter Beleuchtungskabel sowie praktischer Aufnahmepunkte f\u00fcr Gep\u00e4cktr\u00e4ger, Schutzbleche und St\u00e4nder.<\/p>\n","protected":false},"featured_media":2312,"template":"","meta":[],"product_cat":[60],"product_tag":[],"_links":{"self":[{"href":"https:\/\/shop.bikeomania-obrigheim.de\/index.php?rest_route=\/wp\/v2\/product\/2192"}],"collection":[{"href":"https:\/\/shop.bikeomania-obrigheim.de\/index.php?rest_route=\/wp\/v2\/product"}],"about":[{"href":"https:\/\/shop.bikeomania-obrigheim.de\/index.php?rest_route=\/wp\/v2\/types\/product"}],"wp:featuredmedia":[{"embeddable":true,"href":"https:\/\/shop.bikeomania-obrigheim.de\/index.php?rest_route=\/wp\/v2\/media\/2312"}],"wp:attachment":[{"href":"https:\/\/shop.bikeomania-obrigheim.de\/index.php?rest_route=%2Fwp%2Fv2%2Fmedia&parent=2192"}],"wp:term":[{"taxonomy":"product_cat","embeddable":true,"href":"https:\/\/shop.bikeomania-obrigheim.de\/index.php?rest_route=%2Fwp%2Fv2%2Fproduct_cat&post=2192"},{"taxonomy":"product_tag","embeddable":true,"href":"https:\/\/shop.bikeomania-obrigheim.de\/index.php?rest_route=%2Fwp%2Fv2%2Fproduct_tag&post=2192"}],"curies":[{"name":"wp","href":"https:\/\/api.w.org\/{rel}","templated":true}]}}