{"id":2211,"date":"2023-08-14T10:00:12","date_gmt":"2023-08-14T10:00:12","guid":{"rendered":"https:\/\/shop.bikeomania-obrigheim.de\/?post_type=product&#038;p=2211"},"modified":"2024-01-18T10:41:21","modified_gmt":"2024-01-18T10:41:21","slug":"endeavour-7-b-advance-abs","status":"publish","type":"product","link":"https:\/\/shop.bikeomania-obrigheim.de\/?product=endeavour-7-b-advance-abs","title":{"rendered":"Kalkhoff ENDEAVOUR 7.B ADVANCE+ ABS"},"content":{"rendered":"<h2><img class=\"alignnone wp-image-1304 size-full\" src=\"https:\/\/shop.bikeomania-obrigheim.de\/wp-content\/uploads\/2021\/10\/kalkhoff-logo.png\" alt=\"\" width=\"278\" height=\"70\" \/><\/h2>\n<h1 class=\"headline bike-configuration__headline\" data-sku=\"7149-2021\" data-model-code=\"C65451M\">ENDEAVOUR 7.B ADVANCE+ ABS<\/h1>\n<div class=\"c-bike-details__prices\">\n<h3 class=\"c-bike-details__prices-text\">5.699,00EUR<\/h3>\n<p>&nbsp;<\/p>\n<div class=\"c-bike-details__prices-note\">Unverbindliche Preisempfehlung (inklusive der g\u00fcltigen gesetzlichen MwSt.)<\/div>\n<div><\/div>\n<\/div>\n<pre>Verf\u00fcgbar Buchen: Diamant 43cm\r\n\r\nVerf\u00fcgbar Buchen: Wave:48cm\r\n<\/pre>\n<h3 class=\"title18 font-bold text-uppercase\"><a href=\"https:\/\/www.kalkhoff-bikes.com\/de_de\/kh0020029v2023-endeavour-7-b-advance-abs\" target=\"_blank\" rel=\"noopener\"><span style=\"color: #00ff00\"><strong><span style=\"color: #8cb425\">Zur Hertsellerseite<\/span><\/strong><\/span><\/a><\/h3>\n<p>&nbsp;<\/p>\n<p>Besonderheiten:<\/p>\n<ul>\n<li>Bosch Performance CX Smart System Antrieb mit 85 Nm<\/li>\n<li>Integrierter Bosch PowerTube Akku mit 750 Wh<\/li>\n<li>Reichweite bis zu 150 km*<\/li>\n<li>Plus+: Flexibler Allesk\u00f6nner mit einem zul\u00e4ssigen Gesamtgewicht von bis zu 170Kg<\/li>\n<\/ul>\n","protected":false},"excerpt":{"rendered":"<p>ENDEAVOUR 7.B ADVANCE+ ABS 5.699,00EUR &nbsp; Unverbindliche Preisempfehlung (inklusive der g\u00fcltigen gesetzlichen MwSt.) Verf\u00fcgbar Buchen: Diamant 43cm Verf\u00fcgbar Buchen: Wave:48cm Zur Hertsellerseite &nbsp; Besonderheiten: Bosch Performance CX Smart System Antrieb mit 85 Nm Integrierter Bosch PowerTube Akku mit 750 Wh Reichweite bis zu 150 km* Plus+: Flexibler Allesk\u00f6nner mit einem zul\u00e4ssigen Gesamtgewicht von bis zu [&hellip;]<\/p>\n","protected":false},"featured_media":2212,"template":"","meta":[],"product_cat":[62,61],"product_tag":[],"_links":{"self":[{"href":"https:\/\/shop.bikeomania-obrigheim.de\/index.php?rest_route=\/wp\/v2\/product\/2211"}],"collection":[{"href":"https:\/\/shop.bikeomania-obrigheim.de\/index.php?rest_route=\/wp\/v2\/product"}],"about":[{"href":"https:\/\/shop.bikeomania-obrigheim.de\/index.php?rest_route=\/wp\/v2\/types\/product"}],"wp:featuredmedia":[{"embeddable":true,"href":"https:\/\/shop.bikeomania-obrigheim.de\/index.php?rest_route=\/wp\/v2\/media\/2212"}],"wp:attachment":[{"href":"https:\/\/shop.bikeomania-obrigheim.de\/index.php?rest_route=%2Fwp%2Fv2%2Fmedia&parent=2211"}],"wp:term":[{"taxonomy":"product_cat","embeddable":true,"href":"https:\/\/shop.bikeomania-obrigheim.de\/index.php?rest_route=%2Fwp%2Fv2%2Fproduct_cat&post=2211"},{"taxonomy":"product_tag","embeddable":true,"href":"https:\/\/shop.bikeomania-obrigheim.de\/index.php?rest_route=%2Fwp%2Fv2%2Fproduct_tag&post=2211"}],"curies":[{"name":"wp","href":"https:\/\/api.w.org\/{rel}","templated":true}]}}