{"id":2282,"date":"2024-01-11T09:28:38","date_gmt":"2024-01-11T09:28:38","guid":{"rendered":"https:\/\/shop.bikeomania-obrigheim.de\/?post_type=product&#038;p=2282"},"modified":"2024-02-08T11:14:02","modified_gmt":"2024-02-08T11:14:02","slug":"bergamont-e-horizon-4-rt-black","status":"publish","type":"product","link":"https:\/\/shop.bikeomania-obrigheim.de\/?product=bergamont-e-horizon-4-rt-black","title":{"rendered":"BGM E-Horizon Premium SUV Amsterdam"},"content":{"rendered":"<h2><\/h2>\n<p><a href=\"https:\/\/shop.bikeomania-obrigheim.de\/wp-content\/uploads\/2023\/08\/Bergamont-Logo-300x125-3.png\"><img class=\"alignnone wp-image-2150\" src=\"https:\/\/shop.bikeomania-obrigheim.de\/wp-content\/uploads\/2023\/08\/Bergamont-Logo-300x125-3.png\" alt=\"\" width=\"262\" height=\"109\" \/><\/a><\/p>\n<h1 class=\"hiphen\">E-Horizon Premium SUV Amsterdam<\/h1>\n<div class=\"c-bike-details__prices\">\n<h3>3869,00UVP<\/h3>\n<h3 class=\"c-bike-details__prices-text\"><\/h3>\n<div class=\"c-bike-details__prices-note\">Unverbindliche Preisempfehlung (inklusive der g\u00fcltigen gesetzlichen MwSt.)<\/div>\n<\/div>\n<pre>Verf\u00fcgbar in Obrigheim:  52 cm<\/pre>\n<h4><\/h4>\n<p>&nbsp;<\/p>\n<h3 class=\"title18 font-bold text-uppercase\"><a href=\"https:\/\/www.bergamont.com\/de\/de\/product\/bergamont-e-horizon-premium-suv-amsterdam?article=290955044\" target=\"_blank\" rel=\"noopener\"><span style=\"color: #00ff00\"><strong><span style=\"color: #8cb425\">Zur Hertsellerseite<\/span><\/strong><\/span><\/a><\/h3>\n<p>&nbsp;<\/p>\n<p>Besonderheiten:<\/p>\n<ul>\n<li>Suntour Mobie 25, 100 mm, Steckachs<\/li>\n<li>Shimano Deore Linkglide, 1&#215;10<\/li>\n<li>Bosch BES3 Performance Line CX, 750 Wh Akku<\/li>\n<li>Shimano BR-MT420, hydraulische 4-Kolben Scheibenbremse<\/li>\n<\/ul>\n","protected":false},"excerpt":{"rendered":"<p>Gr\u00f6\u00dfer denken, gro\u00dfartiger fahren: St\u00e4rkerer Akku, breitere Reifen, perfektere Integration, kompromissloseres Design \u2013 mit dem E-HORIZON PREMIUM SUV f\u00e4hrst du ein omnipotentes Bike mit High-End-Technologie und modernem Look, das in jedem Terrain perfekt spurt.<\/p>\n","protected":false},"featured_media":2286,"template":"","meta":[],"product_cat":[61],"product_tag":[],"_links":{"self":[{"href":"https:\/\/shop.bikeomania-obrigheim.de\/index.php?rest_route=\/wp\/v2\/product\/2282"}],"collection":[{"href":"https:\/\/shop.bikeomania-obrigheim.de\/index.php?rest_route=\/wp\/v2\/product"}],"about":[{"href":"https:\/\/shop.bikeomania-obrigheim.de\/index.php?rest_route=\/wp\/v2\/types\/product"}],"wp:featuredmedia":[{"embeddable":true,"href":"https:\/\/shop.bikeomania-obrigheim.de\/index.php?rest_route=\/wp\/v2\/media\/2286"}],"wp:attachment":[{"href":"https:\/\/shop.bikeomania-obrigheim.de\/index.php?rest_route=%2Fwp%2Fv2%2Fmedia&parent=2282"}],"wp:term":[{"taxonomy":"product_cat","embeddable":true,"href":"https:\/\/shop.bikeomania-obrigheim.de\/index.php?rest_route=%2Fwp%2Fv2%2Fproduct_cat&post=2282"},{"taxonomy":"product_tag","embeddable":true,"href":"https:\/\/shop.bikeomania-obrigheim.de\/index.php?rest_route=%2Fwp%2Fv2%2Fproduct_tag&post=2282"}],"curies":[{"name":"wp","href":"https:\/\/api.w.org\/{rel}","templated":true}]}}