{"id":2287,"date":"2024-01-11T10:27:20","date_gmt":"2024-01-11T10:27:20","guid":{"rendered":"https:\/\/shop.bikeomania-obrigheim.de\/?post_type=product&#038;p=2287"},"modified":"2024-02-06T00:01:11","modified_gmt":"2024-02-06T00:01:11","slug":"e-ville-suv-elite-kopie","status":"publish","type":"product","link":"https:\/\/shop.bikeomania-obrigheim.de\/?product=e-ville-suv-elite-kopie","title":{"rendered":"BGM E-Ville SUV Elite (2022)"},"content":{"rendered":"<h2><\/h2>\n<p><a href=\"https:\/\/shop.bikeomania-obrigheim.de\/wp-content\/uploads\/2023\/08\/Bergamont-Logo-300x125-3.png\"><img class=\"alignnone wp-image-2150\" src=\"https:\/\/shop.bikeomania-obrigheim.de\/wp-content\/uploads\/2023\/08\/Bergamont-Logo-300x125-3.png\" alt=\"\" width=\"262\" height=\"109\" \/><\/a><\/p>\n<h1 class=\"hiphen\">E-Ville SUV Elite (2022)<\/h1>\n<div class=\"c-bike-details__prices\">\n<h3>4140,00UVP<\/h3>\n<h3 class=\"c-bike-details__prices-text\"><\/h3>\n<div class=\"c-bike-details__prices-note\">Unverbindliche Preisempfehlung (inklusive der g\u00fcltigen gesetzlichen MwSt.)<\/div>\n<\/div>\n<div><\/div>\n<pre>Verf\u00fcgbar in Obrigheim: 50 \/ 54cm\r\n\r\n<\/pre>\n<h3 class=\"title18 font-bold text-uppercase\"><\/h3>\n<p>&nbsp;<\/p>\n<p>Besonderheiten:<\/p>\n<ul>\n<li>State-of-the-art Unisex Tiefeinsteiger mit herausragenden Fahreigenschaften.<\/li>\n<li>Suntour Mobie 25 Air Federgabel mit 100 mm Federweg<\/li>\n<li>Shimano Deore 1&#215;12 Schaltung mit breiter Gangabstufung<\/li>\n<li>Pannensichere, robuste Schwalbe Marathon Plus MTB Bereifung<\/li>\n<li>Kraftvolles LED Lichtsystem von Busch + M\u00fcller mit Bremslichtfunktion hinten f\u00fcr mehr Sicherheit<\/li>\n<li>Bosch Gen. 4 Performance Line CX Drive Unit<\/li>\n<\/ul>\n","protected":false},"excerpt":{"rendered":"<p>Wenn der Stadtkern die Almh\u00fctte ist, bist du mit unserer Premium-All-Terrain-Version des E-Ville bestens ger\u00fcstet: perfekter Reifen-Grip auf unbefestigten Wegen, maximale Flexibilit\u00e4t f\u00fcr Ausr\u00fcstung und Gep\u00e4ck durch die Multiple-Mount-Solution und der M\u00f6glichkeit, einen zweiten Akku f\u00fcr mehr Reichweite nachzur\u00fcsten. Zul\u00e4ssiges Gesamtgewicht: 160\u00a0kg<\/p>\n","protected":false},"featured_media":2381,"template":"","meta":[],"product_cat":[61],"product_tag":[],"_links":{"self":[{"href":"https:\/\/shop.bikeomania-obrigheim.de\/index.php?rest_route=\/wp\/v2\/product\/2287"}],"collection":[{"href":"https:\/\/shop.bikeomania-obrigheim.de\/index.php?rest_route=\/wp\/v2\/product"}],"about":[{"href":"https:\/\/shop.bikeomania-obrigheim.de\/index.php?rest_route=\/wp\/v2\/types\/product"}],"wp:featuredmedia":[{"embeddable":true,"href":"https:\/\/shop.bikeomania-obrigheim.de\/index.php?rest_route=\/wp\/v2\/media\/2381"}],"wp:attachment":[{"href":"https:\/\/shop.bikeomania-obrigheim.de\/index.php?rest_route=%2Fwp%2Fv2%2Fmedia&parent=2287"}],"wp:term":[{"taxonomy":"product_cat","embeddable":true,"href":"https:\/\/shop.bikeomania-obrigheim.de\/index.php?rest_route=%2Fwp%2Fv2%2Fproduct_cat&post=2287"},{"taxonomy":"product_tag","embeddable":true,"href":"https:\/\/shop.bikeomania-obrigheim.de\/index.php?rest_route=%2Fwp%2Fv2%2Fproduct_tag&post=2287"}],"curies":[{"name":"wp","href":"https:\/\/api.w.org\/{rel}","templated":true}]}}