{"id":2300,"date":"2024-01-11T11:44:03","date_gmt":"2024-01-11T11:44:03","guid":{"rendered":"https:\/\/shop.bikeomania-obrigheim.de\/?post_type=product&#038;p=2300"},"modified":"2024-02-06T00:01:11","modified_gmt":"2024-02-06T00:01:11","slug":"raymon-trailray-140e-8-0","status":"publish","type":"product","link":"https:\/\/shop.bikeomania-obrigheim.de\/?product=raymon-trailray-140e-8-0","title":{"rendered":"Raymon TrailRay 140E 8.0"},"content":{"rendered":"<h2><a href=\"https:\/\/shop.bikeomania-obrigheim.de\/wp-content\/uploads\/2023\/08\/Screenshot-2024-01-09-171034.jpg\"><img class=\"alignnone size-medium wp-image-2271\" src=\"https:\/\/shop.bikeomania-obrigheim.de\/wp-content\/uploads\/2023\/08\/Screenshot-2024-01-09-171034-300x51.jpg\" alt=\"\" width=\"300\" height=\"51\" srcset=\"https:\/\/shop.bikeomania-obrigheim.de\/wp-content\/uploads\/2023\/08\/Screenshot-2024-01-09-171034-300x51.jpg 300w, https:\/\/shop.bikeomania-obrigheim.de\/wp-content\/uploads\/2023\/08\/Screenshot-2024-01-09-171034-500x85.jpg 500w, https:\/\/shop.bikeomania-obrigheim.de\/wp-content\/uploads\/2023\/08\/Screenshot-2024-01-09-171034-540x92.jpg 540w, https:\/\/shop.bikeomania-obrigheim.de\/wp-content\/uploads\/2023\/08\/Screenshot-2024-01-09-171034.jpg 543w\" sizes=\"(max-width: 300px) 100vw, 300px\" \/><\/a><\/h2>\n<p>&nbsp;<\/p>\n<h1 class=\"hiphen\">Raym0n TrailRay 140E 8.0<\/h1>\n<div class=\"c-bike-details__prices\">\n<h3>4229,00 UVP<\/h3>\n<h3 class=\"c-bike-details__prices-text\"><\/h3>\n<div class=\"c-bike-details__prices-note\">Unverbindliche Preisempfehlung (inklusive der g\u00fcltigen gesetzlichen MwSt.)<\/div>\n<\/div>\n<div><\/div>\n<pre>Verf\u00fcgbar in Obrigheim : 40 cm \r\n\r\n\r\n\r\n<\/pre>\n<h4><\/h4>\n<p>&nbsp;<\/p>\n<h3 class=\"title18 font-bold text-uppercase\"><a href=\"https:\/\/www.r-raymon-bikes.com\/de-de\/e-bikes\/e-mtb-trail\/trailray-e-140\/trailray-140e-8-02022.4500015048.html\" target=\"_blank\" rel=\"noopener\"><span style=\"color: #00ff00\"><strong><span style=\"color: #8cb425\">Herstellerseite<\/span><\/strong><\/span><\/a><\/h3>\n<p>&nbsp;<\/p>\n<p>Besonderheiten:<\/p>\n<ul>\n<li>29\/27.5&#8243;, Alloy 6061, integrierter Akku, Boost, 140 mm<\/li>\n<li>RockShox 35 Gold RL, DebonAir, Luft, 140 mm, tapered<\/li>\n<li>RockShox Deluxe Select, Luft, 230&#215;57.5 mm<\/li>\n<li>Yamaha PW-X2, 250 W, 80 Nm<\/li>\n<li>Simplo, 630 Wh, 36 V<\/li>\n<\/ul>\n","protected":false},"excerpt":{"rendered":"<div id=\"PositioningPhrase\">\n<div id=\"PositioningPhrase\"><\/div>\n<p>Du suchst einen perfekten Begleiter auf Deinem Weg zum Gipfel? Dann d\u00fcrfen wir Dir das TrailRay 140E 8.0 vorstellen. Dank seiner modernen Geometrie, verk\u00fcrzten Kettenstreben ist das E-MTB ein agiler Allrounder, der mit 140 mm Federweg auch im Gel\u00e4nde ordentlich Gas gibt. Ausgestattet mit Yamaha PW-X2, 10-Gang-Schaltung, RockSchox 35 Gold Federgabel, RockSchox Deluxe D\u00e4mpfer und hydraulischen Scheibenbremsen bringt das orangefarbene E-Allmountain alles mit, was das Trailherz schneller schlagen l\u00e4sst.<\/p>\n<\/div>\n","protected":false},"featured_media":2301,"template":"","meta":[],"product_cat":[51],"product_tag":[],"_links":{"self":[{"href":"https:\/\/shop.bikeomania-obrigheim.de\/index.php?rest_route=\/wp\/v2\/product\/2300"}],"collection":[{"href":"https:\/\/shop.bikeomania-obrigheim.de\/index.php?rest_route=\/wp\/v2\/product"}],"about":[{"href":"https:\/\/shop.bikeomania-obrigheim.de\/index.php?rest_route=\/wp\/v2\/types\/product"}],"wp:featuredmedia":[{"embeddable":true,"href":"https:\/\/shop.bikeomania-obrigheim.de\/index.php?rest_route=\/wp\/v2\/media\/2301"}],"wp:attachment":[{"href":"https:\/\/shop.bikeomania-obrigheim.de\/index.php?rest_route=%2Fwp%2Fv2%2Fmedia&parent=2300"}],"wp:term":[{"taxonomy":"product_cat","embeddable":true,"href":"https:\/\/shop.bikeomania-obrigheim.de\/index.php?rest_route=%2Fwp%2Fv2%2Fproduct_cat&post=2300"},{"taxonomy":"product_tag","embeddable":true,"href":"https:\/\/shop.bikeomania-obrigheim.de\/index.php?rest_route=%2Fwp%2Fv2%2Fproduct_tag&post=2300"}],"curies":[{"name":"wp","href":"https:\/\/api.w.org\/{rel}","templated":true}]}}