{"id":2308,"date":"2024-01-11T14:17:55","date_gmt":"2024-01-11T14:17:55","guid":{"rendered":"https:\/\/shop.bikeomania-obrigheim.de\/?post_type=product&#038;p=2308"},"modified":"2024-02-19T00:08:07","modified_gmt":"2024-02-19T00:08:07","slug":"e-horizon-edition-ltd-amsterdam-kopie","status":"publish","type":"product","link":"https:\/\/shop.bikeomania-obrigheim.de\/?product=e-horizon-edition-ltd-amsterdam-kopie","title":{"rendered":"BGM E-Horizon Edition 4 RT aubergine"},"content":{"rendered":"<h2><\/h2>\n<p><a href=\"https:\/\/shop.bikeomania-obrigheim.de\/wp-content\/uploads\/2023\/08\/Bergamont-Logo-300x125-3.png\"><img class=\"alignnone wp-image-2150\" src=\"https:\/\/shop.bikeomania-obrigheim.de\/wp-content\/uploads\/2023\/08\/Bergamont-Logo-300x125-3.png\" alt=\"\" width=\"262\" height=\"109\" \/><\/a><\/p>\n<h1 class=\"hiphen\">E-Horizon 4 RT aubergine<\/h1>\n<div class=\"c-bike-details__prices\">\n<h3>2.249,00UVP<\/h3>\n<h3 class=\"c-bike-details__prices-text\"><\/h3>\n<div class=\"c-bike-details__prices-note\">Unverbindliche Preisempfehlung (inklusive der g\u00fcltigen gesetzlichen MwSt.)<\/div>\n<\/div>\n<pre>Verf\u00fcgbar Buchen:  42 cm<\/pre>\n<h4><\/h4>\n<p>&nbsp;<\/p>\n<h3 class=\"title18 font-bold text-uppercase\"><a href=\"https:\/\/www.bergamont.com\/de\/de\/product\/bergamont-e-horizon-4-rt?article=290993042\" target=\"_blank\" rel=\"noopener\"><span style=\"color: #00ff00\"><strong><span style=\"color: #8cb425\">Zur Hertsellerseite<\/span><\/strong><\/span><\/a><\/h3>\n<p>&nbsp;<\/p>\n<p>Besonderheiten:<\/p>\n<ul>\n<li>28&#8243;, lite AL-6061 Rohrsatz, RackType battery<\/li>\n<li>Suntour NEX E25, 63 mm<\/li>\n<li>Shimano, 1&#215;9<\/li>\n<li>Bosch Gen 3 Active Line Plus, 400 Wh Akku<\/li>\n<li>Shimano BR-MT200, hydraulische Scheibenbremse<\/li>\n<li>BGM Pro X17 Felgen, Shimano Naben<\/li>\n<li>Schwalbe Energizer Active Plus, Reflex, 50-622<\/li>\n<li>Hermans H-Black MR4 LED \/ Herrmans LED<\/li>\n<\/ul>\n","protected":false},"excerpt":{"rendered":"<p>Einfach und elegant f\u00fcr Stadt und Land: Schn\u00f6rkelloser Tiefeinsteiger mit leiser, leistungsstarker Bosch Drive Unit und unauff\u00e4llig integriertem 400-Wh-Gep\u00e4cktr\u00e4gerakku.<\/p>\n","protected":false},"featured_media":2309,"template":"","meta":[],"product_cat":[61],"product_tag":[],"_links":{"self":[{"href":"https:\/\/shop.bikeomania-obrigheim.de\/index.php?rest_route=\/wp\/v2\/product\/2308"}],"collection":[{"href":"https:\/\/shop.bikeomania-obrigheim.de\/index.php?rest_route=\/wp\/v2\/product"}],"about":[{"href":"https:\/\/shop.bikeomania-obrigheim.de\/index.php?rest_route=\/wp\/v2\/types\/product"}],"wp:featuredmedia":[{"embeddable":true,"href":"https:\/\/shop.bikeomania-obrigheim.de\/index.php?rest_route=\/wp\/v2\/media\/2309"}],"wp:attachment":[{"href":"https:\/\/shop.bikeomania-obrigheim.de\/index.php?rest_route=%2Fwp%2Fv2%2Fmedia&parent=2308"}],"wp:term":[{"taxonomy":"product_cat","embeddable":true,"href":"https:\/\/shop.bikeomania-obrigheim.de\/index.php?rest_route=%2Fwp%2Fv2%2Fproduct_cat&post=2308"},{"taxonomy":"product_tag","embeddable":true,"href":"https:\/\/shop.bikeomania-obrigheim.de\/index.php?rest_route=%2Fwp%2Fv2%2Fproduct_tag&post=2308"}],"curies":[{"name":"wp","href":"https:\/\/api.w.org\/{rel}","templated":true}]}}