{"id":2318,"date":"2024-01-12T13:28:53","date_gmt":"2024-01-12T13:28:53","guid":{"rendered":"https:\/\/shop.bikeomania-obrigheim.de\/?post_type=product&#038;p=2318"},"modified":"2024-01-12T13:34:47","modified_gmt":"2024-01-12T13:34:47","slug":"raymon-trailray-140e-11-0","status":"publish","type":"product","link":"https:\/\/shop.bikeomania-obrigheim.de\/?product=raymon-trailray-140e-11-0","title":{"rendered":"Raymon TrailRay 140E 11.0"},"content":{"rendered":"<h2><a href=\"https:\/\/shop.bikeomania-obrigheim.de\/wp-content\/uploads\/2023\/08\/Screenshot-2024-01-09-171034.jpg\"><img class=\"alignnone size-medium wp-image-2271\" src=\"https:\/\/shop.bikeomania-obrigheim.de\/wp-content\/uploads\/2023\/08\/Screenshot-2024-01-09-171034-300x51.jpg\" alt=\"\" width=\"300\" height=\"51\" srcset=\"https:\/\/shop.bikeomania-obrigheim.de\/wp-content\/uploads\/2023\/08\/Screenshot-2024-01-09-171034-300x51.jpg 300w, https:\/\/shop.bikeomania-obrigheim.de\/wp-content\/uploads\/2023\/08\/Screenshot-2024-01-09-171034-500x85.jpg 500w, https:\/\/shop.bikeomania-obrigheim.de\/wp-content\/uploads\/2023\/08\/Screenshot-2024-01-09-171034-540x92.jpg 540w, https:\/\/shop.bikeomania-obrigheim.de\/wp-content\/uploads\/2023\/08\/Screenshot-2024-01-09-171034.jpg 543w\" sizes=\"(max-width: 300px) 100vw, 300px\" \/><\/a><\/h2>\n<p>&nbsp;<\/p>\n<h1 class=\"hiphen\">Raym0n TrailRay 140E 8.0<\/h1>\n<div class=\"c-bike-details__prices\">\n<h3>6,899,00 UVP<\/h3>\n<h3 class=\"c-bike-details__prices-text\"><\/h3>\n<div class=\"c-bike-details__prices-note\">Unverbindliche Preisempfehlung (inklusive der g\u00fcltigen gesetzlichen MwSt.)<\/div>\n<\/div>\n<div><\/div>\n<pre>Verf\u00fcgbar in Obrigheim : 44 cm \r\n\r\n\r\n\r\n<\/pre>\n<h4><\/h4>\n<p>&nbsp;<\/p>\n<h3 class=\"title18 font-bold text-uppercase\"><a href=\"https:\/\/www.r-raymon-bikes.com\/de-at\/e-bikes\/e-mtb-trail\/trailray-e-140\/trailray-140e-1102022.html\" target=\"_blank\" rel=\"noopener\"><span style=\"color: #00ff00\"><strong><span style=\"color: #8cb425\">Herstellerseite<\/span><\/strong><\/span><\/a><\/h3>\n<p>&nbsp;<\/p>\n<p>Besonderheiten:<\/p>\n<div class=\"highlighted-specs-item__text\"><span class=\"highlighted-specs-item__text-value\">\u00a0<\/span><\/div>\n<p>&nbsp;<\/p>\n<ul>\n<li class=\"highlighted-specs-item\"><span class=\"highlighted-specs-item__text-label\">\u00a0<\/span> <span class=\"highlighted-specs-item__text-value\"> 29&#8243;, Alloy 6061, integrierter Akku, Boost, 140 mm <\/span><\/li>\n<li class=\"highlighted-specs-item\"><span class=\"highlighted-specs-item__text-label\">\u00a0<\/span> <span class=\"highlighted-specs-item__text-value\"> FOX Float 38 Factory, Grip 2, E-Optimized, Luft, 150 mm, tapered <\/span><\/li>\n<li class=\"highlighted-specs-item\"><span class=\"highlighted-specs-item__text-label\">\u00a0<\/span> <span class=\"highlighted-specs-item__text-value\"> Yamaha PW-X3, 250 W, 85 Nm <\/span><\/li>\n<li class=\"highlighted-specs-item\"><span class=\"highlighted-specs-item__text-label\">\u00a0<\/span> <span class=\"highlighted-specs-item__text-value\"> Simplo, 720 Wh, 36 V <\/span><\/li>\n<\/ul>\n","protected":false},"excerpt":{"rendered":"<div id=\"PositioningPhrase\">\n<div id=\"PositioningPhrase\"><\/div>\n<p>Achtung, hier kommt Black Beauty, das Topmodell TrailRay 140E 11.0. Und dabei ist das E-All Mountain ein echtes Kraftpaket. Denn der 85Nm starke Yamaha PW-X3 liefert ausreichend Support. Den 29er k\u00f6nnen tats\u00e4chlich nur die hydraulischen Scheibenbremsen von Shimano stoppen. Die minimalistisch designte LED-Kommunikationseinheit Interface X zur Vorbaumontage sorgt f\u00fcr ein aufger\u00e4umtes Cockpit und ist per Bluetooth kompatibel mit allen g\u00e4ngigen Fahrradcomputern. 150mm FOX Float X Factory Federgabe, 12-Gang Schaltung und hydraulische 4-Kolben-Scheibenbremsen runden das Gesamtpaket ab.<\/p>\n<\/div>\n","protected":false},"featured_media":2319,"template":"","meta":[],"product_cat":[51],"product_tag":[],"_links":{"self":[{"href":"https:\/\/shop.bikeomania-obrigheim.de\/index.php?rest_route=\/wp\/v2\/product\/2318"}],"collection":[{"href":"https:\/\/shop.bikeomania-obrigheim.de\/index.php?rest_route=\/wp\/v2\/product"}],"about":[{"href":"https:\/\/shop.bikeomania-obrigheim.de\/index.php?rest_route=\/wp\/v2\/types\/product"}],"wp:featuredmedia":[{"embeddable":true,"href":"https:\/\/shop.bikeomania-obrigheim.de\/index.php?rest_route=\/wp\/v2\/media\/2319"}],"wp:attachment":[{"href":"https:\/\/shop.bikeomania-obrigheim.de\/index.php?rest_route=%2Fwp%2Fv2%2Fmedia&parent=2318"}],"wp:term":[{"taxonomy":"product_cat","embeddable":true,"href":"https:\/\/shop.bikeomania-obrigheim.de\/index.php?rest_route=%2Fwp%2Fv2%2Fproduct_cat&post=2318"},{"taxonomy":"product_tag","embeddable":true,"href":"https:\/\/shop.bikeomania-obrigheim.de\/index.php?rest_route=%2Fwp%2Fv2%2Fproduct_tag&post=2318"}],"curies":[{"name":"wp","href":"https:\/\/api.w.org\/{rel}","templated":true}]}}