{"id":2320,"date":"2024-01-12T13:36:03","date_gmt":"2024-01-12T13:36:03","guid":{"rendered":"https:\/\/shop.bikeomania-obrigheim.de\/?post_type=product&#038;p=2320"},"modified":"2024-01-12T13:43:19","modified_gmt":"2024-01-12T13:43:19","slug":"raymon-trailray-160e-9-0","status":"publish","type":"product","link":"https:\/\/shop.bikeomania-obrigheim.de\/?product=raymon-trailray-160e-9-0","title":{"rendered":"Raymon TrailRay 160E 9.0"},"content":{"rendered":"<h2><a href=\"https:\/\/shop.bikeomania-obrigheim.de\/wp-content\/uploads\/2023\/08\/Screenshot-2024-01-09-171034.jpg\"><img class=\"alignnone size-medium wp-image-2271\" src=\"https:\/\/shop.bikeomania-obrigheim.de\/wp-content\/uploads\/2023\/08\/Screenshot-2024-01-09-171034-300x51.jpg\" alt=\"\" width=\"300\" height=\"51\" srcset=\"https:\/\/shop.bikeomania-obrigheim.de\/wp-content\/uploads\/2023\/08\/Screenshot-2024-01-09-171034-300x51.jpg 300w, https:\/\/shop.bikeomania-obrigheim.de\/wp-content\/uploads\/2023\/08\/Screenshot-2024-01-09-171034-500x85.jpg 500w, https:\/\/shop.bikeomania-obrigheim.de\/wp-content\/uploads\/2023\/08\/Screenshot-2024-01-09-171034-540x92.jpg 540w, https:\/\/shop.bikeomania-obrigheim.de\/wp-content\/uploads\/2023\/08\/Screenshot-2024-01-09-171034.jpg 543w\" sizes=\"(max-width: 300px) 100vw, 300px\" \/><\/a><\/h2>\n<p>&nbsp;<\/p>\n<h1 class=\"hiphen\">Raym0n TrailRay 160E 9.0<\/h1>\n<div class=\"c-bike-details__prices\">\n<h3>5,299,00 UVP<\/h3>\n<h3 class=\"c-bike-details__prices-text\"><\/h3>\n<div class=\"c-bike-details__prices-note\">Unverbindliche Preisempfehlung (inklusive der g\u00fcltigen gesetzlichen MwSt.)<\/div>\n<\/div>\n<div><\/div>\n<pre>Verf\u00fcgbar in Buchen : 46\/44\/41 cm \r\n\r\n\r\n\r\n<\/pre>\n<h4><\/h4>\n<p>&nbsp;<\/p>\n<h3 class=\"title18 font-bold text-uppercase\"><a href=\"https:\/\/www.r-raymon-bikes.com\/de-at\/e-bikes\/e-mtb-trail\/trailray-e-160\/trailray-160e-9-02022.html\" target=\"_blank\" rel=\"noopener\"><span style=\"color: #00ff00\"><strong><span style=\"color: #8cb425\">Herstellerseite<\/span><\/strong><\/span><\/a><\/h3>\n<p>&nbsp;<\/p>\n<p>Besonderheiten:<\/p>\n<div class=\"highlighted-specs-item__text\"><span class=\"highlighted-specs-item__text-value\">\u00a0<\/span><\/div>\n<p>&nbsp;<\/p>\n<ul>\n<li class=\"highlighted-specs-item\"><span class=\"highlighted-specs-item__text-label\"> <span class=\"highlighted-specs-item__text-value\">29&#8243;, Alloy 6061, integrierter Akku, Boost, 160 mm <\/span><\/span><\/li>\n<li><span class=\"highlighted-specs-item__text-value\">RockShox Domain R, DebonAir, Luft, 170 mm, tapered <\/span><\/li>\n<li><span class=\"highlighted-specs-item__text-value\">RockShox Deluxe Select, Luft, 230&#215;65 mm <\/span><\/li>\n<li class=\"highlighted-specs-item\">\n<div class=\"highlighted-specs-item__text\"><span class=\"highlighted-specs-item__text-value\">Yamaha PW-X3, 250 W, 85 Nm <\/span><\/div>\n<\/li>\n<li><span class=\"highlighted-specs-item__text-value\">Simplo, 720 Wh, 36 V <\/span><\/li>\n<\/ul>\n","protected":false},"excerpt":{"rendered":"<div id=\"PositioningPhrase\">\n<p>Ordentlich Power und Ausdauer: Das TrailRay 160E 9.0 ist Dein Partner, wenn es ins Gel\u00e4nde geht. Der leistungsstarke Yamaha Mittelmotor sorgt mit 85 Nm Drehmoment f\u00fcr den n\u00f6tigen Anschub und der 720Wh Akku macht garantiert nicht vor Dir schlapp. Unser neu entwickelter Aluminiumrahmen punktet mit moderner Geometrie und kurzen Kettenstreben. Das 29er E-MTB mit 170 mm Federweg vorne und 160 mm hinten sorgt f\u00fcr den richtigen Flow \u2013 so macht Biken richtig Spa\u00df!<\/p>\n<\/div>\n","protected":false},"featured_media":2321,"template":"","meta":[],"product_cat":[51],"product_tag":[],"_links":{"self":[{"href":"https:\/\/shop.bikeomania-obrigheim.de\/index.php?rest_route=\/wp\/v2\/product\/2320"}],"collection":[{"href":"https:\/\/shop.bikeomania-obrigheim.de\/index.php?rest_route=\/wp\/v2\/product"}],"about":[{"href":"https:\/\/shop.bikeomania-obrigheim.de\/index.php?rest_route=\/wp\/v2\/types\/product"}],"wp:featuredmedia":[{"embeddable":true,"href":"https:\/\/shop.bikeomania-obrigheim.de\/index.php?rest_route=\/wp\/v2\/media\/2321"}],"wp:attachment":[{"href":"https:\/\/shop.bikeomania-obrigheim.de\/index.php?rest_route=%2Fwp%2Fv2%2Fmedia&parent=2320"}],"wp:term":[{"taxonomy":"product_cat","embeddable":true,"href":"https:\/\/shop.bikeomania-obrigheim.de\/index.php?rest_route=%2Fwp%2Fv2%2Fproduct_cat&post=2320"},{"taxonomy":"product_tag","embeddable":true,"href":"https:\/\/shop.bikeomania-obrigheim.de\/index.php?rest_route=%2Fwp%2Fv2%2Fproduct_tag&post=2320"}],"curies":[{"name":"wp","href":"https:\/\/api.w.org\/{rel}","templated":true}]}}