{"id":2334,"date":"2024-01-13T08:52:18","date_gmt":"2024-01-13T08:52:18","guid":{"rendered":"https:\/\/shop.bikeomania-obrigheim.de\/?post_type=product&#038;p=2334"},"modified":"2024-01-18T12:50:54","modified_gmt":"2024-01-18T12:50:54","slug":"bergamont-grandurance-6","status":"publish","type":"product","link":"https:\/\/shop.bikeomania-obrigheim.de\/?product=bergamont-grandurance-6","title":{"rendered":"BGM Grandurance 6"},"content":{"rendered":"<h2><img class=\"alignnone wp-image-1218\" src=\"https:\/\/shop.bikeomania-obrigheim.de\/wp-content\/uploads\/2021\/09\/Bergamont-Logo-300x125.png\" alt=\"\" width=\"211\" height=\"88\" srcset=\"https:\/\/shop.bikeomania-obrigheim.de\/wp-content\/uploads\/2021\/09\/Bergamont-Logo-300x125.png 300w, https:\/\/shop.bikeomania-obrigheim.de\/wp-content\/uploads\/2021\/09\/Bergamont-Logo.png 586w\" sizes=\"(max-width: 211px) 100vw, 211px\" \/><\/h2>\n<h1 class=\"headline bike-configuration__headline\" data-sku=\"7149-2021\" data-model-code=\"C65451M\">Grandurance 6<\/h1>\n<div class=\"c-bike-details__prices\">\n<h3 class=\"c-bike-details__prices-text\"><strong>1.899,00 EU<\/strong>R<\/h3>\n<div class=\"c-bike-details__prices-note\">Unverbindliche Preisempfehlung (inklusive der g\u00fcltigen gesetzlichen MwSt.)<\/div>\n<\/div>\n<div><\/div>\n<pre>Verf\u00fcgbar in Buchen: 58 cm\r\n<\/pre>\n<h3 class=\"title18 font-bold text-uppercase\"><span style=\"color: #8cb425\">Besonderheiten :<\/span><\/h3>\n<ul>\n<li>28&#8243;, ultra lite AL-6061 Rohrsatz<\/li>\n<li>BGM Allroad Starrgabel, Aluminium, Steckachse<\/li>\n<li>Shimano GRX, 2&#215;10<\/li>\n<li>Shimano GRX, hydraulische Scheibenbremse<\/li>\n<li>Shining DB-T260 Felgen, BGM Naben<\/li>\n<li>Schwalbe G-One Bite, RaceGuard, 45-622<\/li>\n<\/ul>\n<p>&nbsp;<\/p>\n","protected":false},"excerpt":{"rendered":"<p>All-Road reloaded: Eine perfekt durchdachte multifunktionale Aluminium-Rahmenplattform, mit ausgewogener All-Road-Geometrie, maximaler Reifenfreiheit, zahlreichen Montagepunkten f\u00fcr Zubeh\u00f6r und stilbildendem Design. Ein ansprechender Allrounder mit bew\u00e4hrten Shimano 2&#215;10-Gang-Gravel-Komponenten.<\/p>\n","protected":false},"featured_media":2335,"template":"","meta":[],"product_cat":[68],"product_tag":[],"_links":{"self":[{"href":"https:\/\/shop.bikeomania-obrigheim.de\/index.php?rest_route=\/wp\/v2\/product\/2334"}],"collection":[{"href":"https:\/\/shop.bikeomania-obrigheim.de\/index.php?rest_route=\/wp\/v2\/product"}],"about":[{"href":"https:\/\/shop.bikeomania-obrigheim.de\/index.php?rest_route=\/wp\/v2\/types\/product"}],"wp:featuredmedia":[{"embeddable":true,"href":"https:\/\/shop.bikeomania-obrigheim.de\/index.php?rest_route=\/wp\/v2\/media\/2335"}],"wp:attachment":[{"href":"https:\/\/shop.bikeomania-obrigheim.de\/index.php?rest_route=%2Fwp%2Fv2%2Fmedia&parent=2334"}],"wp:term":[{"taxonomy":"product_cat","embeddable":true,"href":"https:\/\/shop.bikeomania-obrigheim.de\/index.php?rest_route=%2Fwp%2Fv2%2Fproduct_cat&post=2334"},{"taxonomy":"product_tag","embeddable":true,"href":"https:\/\/shop.bikeomania-obrigheim.de\/index.php?rest_route=%2Fwp%2Fv2%2Fproduct_tag&post=2334"}],"curies":[{"name":"wp","href":"https:\/\/api.w.org\/{rel}","templated":true}]}}