{"id":2350,"date":"2024-01-13T13:14:27","date_gmt":"2024-01-13T13:14:27","guid":{"rendered":"https:\/\/shop.bikeomania-obrigheim.de\/?post_type=product&#038;p=2350"},"modified":"2024-01-18T12:36:50","modified_gmt":"2024-01-18T12:36:50","slug":"roadster-mixte-vario","status":"publish","type":"product","link":"https:\/\/shop.bikeomania-obrigheim.de\/?product=roadster-mixte-vario","title":{"rendered":"R&amp;M Roadster Mixte Vario"},"content":{"rendered":"<h2><img class=\"alignnone wp-image-1299 size-medium\" src=\"https:\/\/shop.bikeomania-obrigheim.de\/wp-content\/uploads\/2021\/10\/Riese-und-Mueller-logo-300x46.png\" alt=\"\" width=\"300\" height=\"46\" srcset=\"https:\/\/shop.bikeomania-obrigheim.de\/wp-content\/uploads\/2021\/10\/Riese-und-Mueller-logo-300x46.png 300w, https:\/\/shop.bikeomania-obrigheim.de\/wp-content\/uploads\/2021\/10\/Riese-und-Mueller-logo.png 681w\" sizes=\"(max-width: 300px) 100vw, 300px\" \/><\/h2>\n<h1 class=\"headline bike-configuration__headline\" data-sku=\"7149-2021\" data-model-code=\"C65451M\">Roadster Mixte Vario<\/h1>\n<div class=\"c-bike-details__prices\">\n<h3><\/h3>\n<h3 class=\"c-bike-details__prices-text\"><strong>4.899,00 EU<\/strong>R<\/h3>\n<div class=\"c-bike-details__prices-note\">Unverbindliche Preisempfehlung (inklusive der g\u00fcltigen gesetzlichen MwSt.)<\/div>\n<\/div>\n<div><\/div>\n<pre>Verf\u00fcgbar in Obrigheim:  45 cm \r\n\r\n<\/pre>\n<p>&nbsp;<\/p>\n<h3 class=\"title18 font-bold text-uppercase\"><a href=\"https:\/\/www.r-m.de\/de\/bikes\/roadster-mixte\/roadster-mixte-vario\/#F00998_04010508\" target=\"_blank\" rel=\"noopener\"><span style=\"color: #00ff00\"><strong><span style=\"color: #8cb425\">Zur Hertsellerseite<\/span><\/strong><\/span><\/a><\/h3>\n<p>&nbsp;<\/p>\n<p>Besonderheiten:<\/p>\n<ul>\n<li>Performance Line CX (Gen4)<\/li>\n<li>Suntour NCX 28&#8243;, tapered<\/li>\n<li>Bosch Purion<\/li>\n<li>Bosch PowerTube 625<\/li>\n<li>Enviolo<\/li>\n<\/ul>\n<p>&nbsp;<\/p>\n","protected":false},"excerpt":{"rendered":"<header id=\"mod-section-1\" class=\"section\" data-module=\"section\" data-series-name=\"Charger4 Mixte\">\n<div id=\"mod-m01-header-animated-1\" class=\"module module-gapless m01-header-animated m01-header-animated--animated m01-header-animated--show-breadcrumb m01-header-animated--expand-mobile inverted-gui\" data-module=\"m01-header-animated\">\n<div class=\"container-center\">\n<div class=\"grid\">\n<div class=\"s-12 m-12 l-8 l-left-2\">\n<div class=\"animated-content-wrapper text-spaces\">\n<p class=\"m01-header-animated__wrapper-content poster\">Die Roadster Modelle kombinieren agilen Fahrspa\u00df mit komfortabler Ausstattung wie Federgabel und gefederte Sattelst\u00fctze. Das macht sie zum idealen Bike f\u00fcr die Stadt \u2013 und dank ihrer Akkukapazit\u00e4t auch dar\u00fcber hinaus. Geradlinig designt und leichtg\u00e4ngig im Handling k\u00f6nnen Sie jede Geschwindigkeit voll auskosten.<\/p>\n<\/div>\n<\/div>\n<\/div>\n<\/div>\n<\/div>\n<\/header>\n<section id=\"mod-section-2\" class=\"section\" data-module=\"section\">\n<div class=\"module m08-multimedia module-gapless-before\">\n<div class=\"container-center\">\n<div class=\"grid\"><\/div>\n<\/div>\n<\/div>\n<\/section>\n","protected":false},"featured_media":2351,"template":"","meta":[],"product_cat":[61],"product_tag":[],"_links":{"self":[{"href":"https:\/\/shop.bikeomania-obrigheim.de\/index.php?rest_route=\/wp\/v2\/product\/2350"}],"collection":[{"href":"https:\/\/shop.bikeomania-obrigheim.de\/index.php?rest_route=\/wp\/v2\/product"}],"about":[{"href":"https:\/\/shop.bikeomania-obrigheim.de\/index.php?rest_route=\/wp\/v2\/types\/product"}],"wp:featuredmedia":[{"embeddable":true,"href":"https:\/\/shop.bikeomania-obrigheim.de\/index.php?rest_route=\/wp\/v2\/media\/2351"}],"wp:attachment":[{"href":"https:\/\/shop.bikeomania-obrigheim.de\/index.php?rest_route=%2Fwp%2Fv2%2Fmedia&parent=2350"}],"wp:term":[{"taxonomy":"product_cat","embeddable":true,"href":"https:\/\/shop.bikeomania-obrigheim.de\/index.php?rest_route=%2Fwp%2Fv2%2Fproduct_cat&post=2350"},{"taxonomy":"product_tag","embeddable":true,"href":"https:\/\/shop.bikeomania-obrigheim.de\/index.php?rest_route=%2Fwp%2Fv2%2Fproduct_tag&post=2350"}],"curies":[{"name":"wp","href":"https:\/\/api.w.org\/{rel}","templated":true}]}}