{"id":2364,"date":"2024-01-18T08:21:12","date_gmt":"2024-01-18T08:21:12","guid":{"rendered":"https:\/\/shop.bikeomania-obrigheim.de\/?post_type=product&#038;p=2364"},"modified":"2024-02-19T00:08:07","modified_gmt":"2024-02-19T00:08:07","slug":"bergamont-horizon-6-amsterdam-black","status":"publish","type":"product","link":"https:\/\/shop.bikeomania-obrigheim.de\/?product=bergamont-horizon-6-amsterdam-black","title":{"rendered":"BGM Horizon 6 Amsterdam black"},"content":{"rendered":"<h1><a href=\"https:\/\/shop.bikeomania-obrigheim.de\/wp-content\/uploads\/2023\/08\/Bergamont-Logo-300x125-3.png\"><img class=\"alignnone wp-image-2150\" src=\"https:\/\/shop.bikeomania-obrigheim.de\/wp-content\/uploads\/2023\/08\/Bergamont-Logo-300x125-3.png\" alt=\"\" width=\"216\" height=\"90\" \/><\/a><\/h1>\n<h1 class=\"c-bike-details__title\">Horizon 6 Amsterdam black<\/h1>\n<div class=\"c-bike-details__prices\">\n<h3><\/h3>\n<h3 class=\"c-bike-details__prices-text\"><strong>849,00 EUR<\/strong><\/h3>\n<div class=\"c-bike-details__prices-note\">Unverbindliche Preisempfehlung (inklusive der g\u00fcltigen gesetzlichen MwSt.)<\/div>\n<\/div>\n<div><\/div>\n<pre>Verf\u00fcgbar Obrigheim: 52 cm<\/pre>\n<h4><\/h4>\n<p>&nbsp;<\/p>\n<h3 class=\"title18 font-bold text-uppercase\"><\/h3>\n<p>&nbsp;<\/p>\n<ul>\n<li>Trekkingrahmen mit perfekt austarierten, dynamischen Fahreigenschaften, bei sportlicher aufrechter Sitzposition.<\/li>\n<li>Suntour Federgabel mit 63 mm Federweg, blockierbar<\/li>\n<li>Komfortable, gefederte Sattelst\u00fctze<\/li>\n<li>Racktime Gep\u00e4cktr\u00e4ger mit multifunktionalem Snapit 2.0 System und integrierter Schutzblechaufnahme<\/li>\n<li>LED Lichtsystem von Busch + M\u00fcller mit Standlichtfunktion f\u00fcr mehr Sicherheit<\/li>\n<\/ul>\n","protected":false},"excerpt":{"rendered":"<div id=\"pvd-d\" class=\"fxxl-artikel-detail__description fxxl-container pvd-d pvd-mfw__tab\" data-gtm-click=\"artikel\" data-mobile-tab-group=\"1\" data-mobile-tab-title=\"Beschreibung\" data-mobile-tab-group-title=\"Produktinformationen\">\n<div class=\"fxxl-artikel-detail__section_content1 pvd-d__content\">\n<div class=\"fxxl-read-more fxxl-read-more--small pvd-d__read-more js-fxxl-read-more-accordion js-fxxl-description-accordion\" data-btn-target=\".pvd-d__read-more-toggle\">\n<div class=\"pvd-d__tv\">\n<div class=\"pvd-d__texts\">\n<div class=\"pvd-d__text1\">\n<p>Die Trekking-Referenz f\u00fcr die allt\u00e4gliche Tour, basierend auf komplett neuem Amsterdam-Rahmen, mit werkseitiger Fronttr\u00e4ger Montage Vorbereitung, zus\u00e4tzlichen Montagepunkten, mehr Reifenfreiheit und innovativer, servicefreundlicher Kabelf\u00fchrung im Unterrohr.<\/p>\n<\/div>\n<\/div>\n<\/div>\n<\/div>\n<\/div>\n<div class=\"pvd-d__button-container pvd-button-container\"><\/div>\n<\/div>\n<div id=\"pvd-a\" class=\"fxxl-artikel-detail__attributes fxxl-container pvd-a\" data-mobile-tab-group=\"1\" data-mobile-tab-title=\"Eigenschaften\" data-mobile-tab-group-title=\"Produktinformationen\"><\/div>\n","protected":false},"featured_media":2365,"template":"","meta":[],"product_cat":[70],"product_tag":[],"_links":{"self":[{"href":"https:\/\/shop.bikeomania-obrigheim.de\/index.php?rest_route=\/wp\/v2\/product\/2364"}],"collection":[{"href":"https:\/\/shop.bikeomania-obrigheim.de\/index.php?rest_route=\/wp\/v2\/product"}],"about":[{"href":"https:\/\/shop.bikeomania-obrigheim.de\/index.php?rest_route=\/wp\/v2\/types\/product"}],"wp:featuredmedia":[{"embeddable":true,"href":"https:\/\/shop.bikeomania-obrigheim.de\/index.php?rest_route=\/wp\/v2\/media\/2365"}],"wp:attachment":[{"href":"https:\/\/shop.bikeomania-obrigheim.de\/index.php?rest_route=%2Fwp%2Fv2%2Fmedia&parent=2364"}],"wp:term":[{"taxonomy":"product_cat","embeddable":true,"href":"https:\/\/shop.bikeomania-obrigheim.de\/index.php?rest_route=%2Fwp%2Fv2%2Fproduct_cat&post=2364"},{"taxonomy":"product_tag","embeddable":true,"href":"https:\/\/shop.bikeomania-obrigheim.de\/index.php?rest_route=%2Fwp%2Fv2%2Fproduct_tag&post=2364"}],"curies":[{"name":"wp","href":"https:\/\/api.w.org\/{rel}","templated":true}]}}