{"id":2371,"date":"2024-01-18T09:16:04","date_gmt":"2024-01-18T09:16:04","guid":{"rendered":"https:\/\/shop.bikeomania-obrigheim.de\/?post_type=product&#038;p=2371"},"modified":"2024-01-29T09:27:12","modified_gmt":"2024-01-29T09:27:12","slug":"cannondale-topstone-neo-2","status":"publish","type":"product","link":"https:\/\/shop.bikeomania-obrigheim.de\/?product=cannondale-topstone-neo-2","title":{"rendered":"Cannondale Topstone  2"},"content":{"rendered":"<h2><img class=\"alignnone size-medium wp-image-1210\" src=\"https:\/\/shop.bikeomania-obrigheim.de\/wp-content\/uploads\/2021\/01\/Cannondale-1-300x56.jpg\" alt=\"\" width=\"300\" height=\"56\" srcset=\"https:\/\/shop.bikeomania-obrigheim.de\/wp-content\/uploads\/2021\/01\/Cannondale-1-300x56.jpg 300w, https:\/\/shop.bikeomania-obrigheim.de\/wp-content\/uploads\/2021\/01\/Cannondale-1.jpg 631w\" sizes=\"(max-width: 300px) 100vw, 300px\" \/><\/h2>\n<p>Cannondale Topstone\u00a0 2<\/p>\n<p>2,199,00\u20ac<\/p>\n<p>Unverbindliche Preisempfehlung (inklusive der g\u00fcltigen gesetzlichen MwSt.)<\/p>\n<p>&nbsp;<\/p>\n<p>Verf\u00fcgbar in Obrigheim:\u00a0 M<\/p>\n<p><span style=\"color: #00ff00\"><a style=\"color: #00ff00\" href=\"https:\/\/www.cannondale.com\/de-de\/bikes\/road\/gravel\/topstone-alloy\/topstone-2-c15702u\">zur Herstellerseite<\/a><\/span><\/p>\n<p>&nbsp;<\/p>\n<p>Besonderheiten:<\/p>\n<ul>\n<li>Leichter SmartForm C2 Aluminiumrahmen mit Vollcarbongabel<\/li>\n<li>Shimano GRX 400 10-fach-Gravel-Schaltgruppe<\/li>\n<li>WTB ST i23 TCS Felgen mit 700x37c WTB Riddler TCS Light Reifen<\/li>\n<\/ul>\n<p>&nbsp;<\/p>\n<p>&nbsp;<\/p>\n<p>&nbsp;<\/p>\n","protected":false},"excerpt":{"rendered":"<p>Das Topstone Alloy ist ein unkompliziertes, zuverl\u00e4ssiges Gravelbike mit Spa\u00dfgarantie f\u00fcr alle, die Abenteuer und Wertigkeit zu sch\u00e4tzen wissen. Ganz egal ob du entspannt fahren gehst, oder es f\u00fcr eine lange Tour bepackst \u2013 der Fahrkomfort, das sichere Handling und die Vielseitigkeit machen es zum perfekten Partner auf jeder Tour.<\/p>\n","protected":false},"featured_media":2372,"template":"","meta":[],"product_cat":[68],"product_tag":[],"_links":{"self":[{"href":"https:\/\/shop.bikeomania-obrigheim.de\/index.php?rest_route=\/wp\/v2\/product\/2371"}],"collection":[{"href":"https:\/\/shop.bikeomania-obrigheim.de\/index.php?rest_route=\/wp\/v2\/product"}],"about":[{"href":"https:\/\/shop.bikeomania-obrigheim.de\/index.php?rest_route=\/wp\/v2\/types\/product"}],"wp:featuredmedia":[{"embeddable":true,"href":"https:\/\/shop.bikeomania-obrigheim.de\/index.php?rest_route=\/wp\/v2\/media\/2372"}],"wp:attachment":[{"href":"https:\/\/shop.bikeomania-obrigheim.de\/index.php?rest_route=%2Fwp%2Fv2%2Fmedia&parent=2371"}],"wp:term":[{"taxonomy":"product_cat","embeddable":true,"href":"https:\/\/shop.bikeomania-obrigheim.de\/index.php?rest_route=%2Fwp%2Fv2%2Fproduct_cat&post=2371"},{"taxonomy":"product_tag","embeddable":true,"href":"https:\/\/shop.bikeomania-obrigheim.de\/index.php?rest_route=%2Fwp%2Fv2%2Fproduct_tag&post=2371"}],"curies":[{"name":"wp","href":"https:\/\/api.w.org\/{rel}","templated":true}]}}