{"id":2376,"date":"2024-01-18T10:23:15","date_gmt":"2024-01-18T10:23:15","guid":{"rendered":"https:\/\/shop.bikeomania-obrigheim.de\/?post_type=product&#038;p=2376"},"modified":"2024-01-18T10:38:53","modified_gmt":"2024-01-18T10:38:53","slug":"kalkhoff-image-7-b-excite","status":"publish","type":"product","link":"https:\/\/shop.bikeomania-obrigheim.de\/?product=kalkhoff-image-7-b-excite","title":{"rendered":"Kalkhoff Image 7.B Excite+"},"content":{"rendered":"<h2><img class=\"alignnone wp-image-1304 size-full\" src=\"https:\/\/shop.bikeomania-obrigheim.de\/wp-content\/uploads\/2021\/10\/kalkhoff-logo.png\" alt=\"\" width=\"278\" height=\"70\" \/><\/h2>\n<h1 class=\"headline bike-configuration__headline\" data-sku=\"7149-2021\" data-model-code=\"C65451M\">Image 7.B Excite+<\/h1>\n<div class=\"c-bike-details__prices\">\n<h3><\/h3>\n<h3 class=\"c-bike-details__prices-text\"><strong>5.599,00\u00a0 EU<\/strong>R<\/h3>\n<p>&nbsp;<\/p>\n<div class=\"c-bike-details__prices-note\">Unverbindliche Preisempfehlung (inklusive der g\u00fcltigen gesetzlichen MwSt.)<\/div>\n<\/div>\n<div><\/div>\n<pre>Verf\u00fcgbar in Obrigheim: 43cm Wave (crystalgrey matt)\r\n\r\nVerf\u00fcgbar in Buchen: 53cm Diamant (mustardyellow matt)<\/pre>\n<h4><\/h4>\n<p>&nbsp;<\/p>\n<h3 class=\"title18 font-bold text-uppercase\"><a href=\"https:\/\/www.kalkhoff-bikes.com\/de_de\/kh0020049v2022-image-7-b-excite\" target=\"_blank\" rel=\"noopener\"><span style=\"color: #00ff00\"><strong><span style=\"color: #8cb425\">Zur Hertsellerseite<\/span><\/strong><\/span><\/a><\/h3>\n<p>&nbsp;<\/p>\n<p>Besonderheiten:<\/p>\n<ul class=\"s--singleBikeHeader__usps\">\n<li>Bosch Performance CX Smart System Antrieb mit 85 Nm<\/li>\n<li>Integrierter Bosch PowerTube Akku mit 750 Wh<\/li>\n<li>Reichweite bis zu 150 km*<\/li>\n<li>Plus+: Flexibler Allesk\u00f6nner mit einem zul\u00e4ssigen Gesamtgewicht von bis zu 170Kg<\/li>\n<\/ul>\n","protected":false},"excerpt":{"rendered":"<p>Image 7.B Excite+ 5.599,00\u00a0 EUR &nbsp; Unverbindliche Preisempfehlung (inklusive der g\u00fcltigen gesetzlichen MwSt.) Verf\u00fcgbar in Obrigheim: 43cm Wave (crystalgrey matt) Verf\u00fcgbar in Buchen: 53cm Diamant (mustardyellow matt) &nbsp; Zur Hertsellerseite &nbsp; Besonderheiten: Bosch Performance CX Smart System Antrieb mit 85 Nm Integrierter Bosch PowerTube Akku mit 750 Wh Reichweite bis zu 150 km* Plus+: Flexibler [&hellip;]<\/p>\n","protected":false},"featured_media":2377,"template":"","meta":[],"product_cat":[61],"product_tag":[],"_links":{"self":[{"href":"https:\/\/shop.bikeomania-obrigheim.de\/index.php?rest_route=\/wp\/v2\/product\/2376"}],"collection":[{"href":"https:\/\/shop.bikeomania-obrigheim.de\/index.php?rest_route=\/wp\/v2\/product"}],"about":[{"href":"https:\/\/shop.bikeomania-obrigheim.de\/index.php?rest_route=\/wp\/v2\/types\/product"}],"wp:featuredmedia":[{"embeddable":true,"href":"https:\/\/shop.bikeomania-obrigheim.de\/index.php?rest_route=\/wp\/v2\/media\/2377"}],"wp:attachment":[{"href":"https:\/\/shop.bikeomania-obrigheim.de\/index.php?rest_route=%2Fwp%2Fv2%2Fmedia&parent=2376"}],"wp:term":[{"taxonomy":"product_cat","embeddable":true,"href":"https:\/\/shop.bikeomania-obrigheim.de\/index.php?rest_route=%2Fwp%2Fv2%2Fproduct_cat&post=2376"},{"taxonomy":"product_tag","embeddable":true,"href":"https:\/\/shop.bikeomania-obrigheim.de\/index.php?rest_route=%2Fwp%2Fv2%2Fproduct_tag&post=2376"}],"curies":[{"name":"wp","href":"https:\/\/api.w.org\/{rel}","templated":true}]}}