{"id":2400,"date":"2024-01-29T09:44:15","date_gmt":"2024-01-29T09:44:15","guid":{"rendered":"https:\/\/shop.bikeomania-obrigheim.de\/?post_type=product&#038;p=2400"},"modified":"2024-01-29T09:50:51","modified_gmt":"2024-01-29T09:50:51","slug":"husqvarna-hard-cross-2","status":"publish","type":"product","link":"https:\/\/shop.bikeomania-obrigheim.de\/?product=husqvarna-hard-cross-2","title":{"rendered":"Husqvarna Hard Cross 2"},"content":{"rendered":"<h1><a href=\"https:\/\/shop.bikeomania-obrigheim.de\/wp-content\/uploads\/2023\/10\/Unbenannt.png\"><img class=\"alignnone wp-image-2268\" src=\"https:\/\/shop.bikeomania-obrigheim.de\/wp-content\/uploads\/2023\/10\/Unbenannt.png\" alt=\"\" width=\"216\" height=\"135\" \/><\/a><\/h1>\n<h1 class=\"c-bike-details__title\">Hard Cross 2<\/h1>\n<div class=\"c-bike-details__prices\">\n<h3><\/h3>\n<h3 class=\"c-bike-details__prices-text\"><strong>5,299,00 EUR<\/strong><\/h3>\n<div class=\"c-bike-details__prices-note\">Unverbindliche Preisempfehlung (inklusive der g\u00fcltigen gesetzlichen MwSt.)<\/div>\n<\/div>\n<div><\/div>\n<pre>Verf\u00fcgbar in Obrigheim: 44 \/ 49 cm<\/pre>\n<h4><\/h4>\n<p>&nbsp;<\/p>\n<h3 class=\"title18 font-bold text-uppercase\"><a href=\"https:\/\/www.husqvarna-bicycles.com\/de-de\/models\/offroad\/hard-cross\/hard-cross-hc2-2023.html\" target=\"_blank\" rel=\"noopener\"><span style=\"color: #00ff00\"><strong><span style=\"color: #8cb425\">Zur Hertsellerseite<\/span><\/strong><\/span><\/a><\/h3>\n<ul>\n<li class=\"highlighted-specs-item\">\n<div class=\"highlighted-specs-item__text\"><span class=\"highlighted-specs-item__text-value\">27.5\u201c\/584mm, 29&#8243;\/622mm<\/span><\/div>\n<\/li>\n<li>29\/27.5&#8243;, Alloy 6061, integrierter Akku, Boost, New HQV Alloy, 170 mm<\/li>\n<li>RockShox Domain R, DebonAir, Luft, 180 mm, tapered<\/li>\n<li><span class=\"highlighted-specs-item__text-value\">RockShox Super Deluxe Select+, Luft, 230&#215;65 mm<\/span><\/li>\n<li>Shimano EP6, DU-EP600, 250 W, 85 Nm<\/li>\n<li>Core S1+, 630 Wh, 36 V, 17,5 Ah<\/li>\n<li class=\"highlighted-specs-item\">\n<div class=\"highlighted-specs-item__text\"><\/div>\n<\/li>\n<\/ul>\n<p><span class=\"highlighted-specs-item__text-label\">\u00a0<\/span><\/p>\n","protected":false},"excerpt":{"rendered":"<p>Dank seines neuen Hard-Cross-Rahmens und der neuen Geometrie bietet das HC2 die gleiche erstklassige Fahrleistung wie die umfassender ausgestatteten Modelle der Reihe. So entsteht ein Fahrverhalten, das es unglaublich endurotauglich und bereit f\u00fcr die h\u00e4rtesten Strecken und besten Bikepark-Runden macht. Zu den neuen Updates geh\u00f6rt der Shimano EP6-Motor, der eine leistungsst\u00e4rkere Pedalunterst\u00fctzung garantiert und ein nat\u00fcrlicheres Pedalgef\u00fchl vermittelt.<\/p>\n","protected":false},"featured_media":2401,"template":"","meta":[],"product_cat":[51],"product_tag":[],"_links":{"self":[{"href":"https:\/\/shop.bikeomania-obrigheim.de\/index.php?rest_route=\/wp\/v2\/product\/2400"}],"collection":[{"href":"https:\/\/shop.bikeomania-obrigheim.de\/index.php?rest_route=\/wp\/v2\/product"}],"about":[{"href":"https:\/\/shop.bikeomania-obrigheim.de\/index.php?rest_route=\/wp\/v2\/types\/product"}],"wp:featuredmedia":[{"embeddable":true,"href":"https:\/\/shop.bikeomania-obrigheim.de\/index.php?rest_route=\/wp\/v2\/media\/2401"}],"wp:attachment":[{"href":"https:\/\/shop.bikeomania-obrigheim.de\/index.php?rest_route=%2Fwp%2Fv2%2Fmedia&parent=2400"}],"wp:term":[{"taxonomy":"product_cat","embeddable":true,"href":"https:\/\/shop.bikeomania-obrigheim.de\/index.php?rest_route=%2Fwp%2Fv2%2Fproduct_cat&post=2400"},{"taxonomy":"product_tag","embeddable":true,"href":"https:\/\/shop.bikeomania-obrigheim.de\/index.php?rest_route=%2Fwp%2Fv2%2Fproduct_tag&post=2400"}],"curies":[{"name":"wp","href":"https:\/\/api.w.org\/{rel}","templated":true}]}}