{"id":2407,"date":"2024-01-29T10:15:57","date_gmt":"2024-01-29T10:15:57","guid":{"rendered":"https:\/\/shop.bikeomania-obrigheim.de\/?post_type=product&#038;p=2407"},"modified":"2024-01-29T10:30:33","modified_gmt":"2024-01-29T10:30:33","slug":"husqvarna-mountain-cross-3","status":"publish","type":"product","link":"https:\/\/shop.bikeomania-obrigheim.de\/?product=husqvarna-mountain-cross-3","title":{"rendered":"Husqvarna Mountain Cross 3"},"content":{"rendered":"<h1><a href=\"https:\/\/shop.bikeomania-obrigheim.de\/wp-content\/uploads\/2023\/10\/Unbenannt.png\"><img class=\"alignnone wp-image-2268\" src=\"https:\/\/shop.bikeomania-obrigheim.de\/wp-content\/uploads\/2023\/10\/Unbenannt.png\" alt=\"\" width=\"216\" height=\"135\" \/><\/a><\/h1>\n<h1 class=\"c-bike-details__title\">Mountain Cross 3<\/h1>\n<div class=\"c-bike-details__prices\">\n<h3><\/h3>\n<h3 class=\"c-bike-details__prices-text\"><strong>5,499,00 EUR<\/strong><\/h3>\n<div class=\"c-bike-details__prices-note\">Unverbindliche Preisempfehlung (inklusive der g\u00fcltigen gesetzlichen MwSt.)<\/div>\n<\/div>\n<div><\/div>\n<pre>Verf\u00fcgbar in Obrigheim: 46 cm<\/pre>\n<h4><\/h4>\n<p>&nbsp;<\/p>\n<h3 class=\"title18 font-bold text-uppercase\"><a href=\"https:\/\/www.husqvarna-bicycles.com\/de-de\/models\/offroad\/hard-cross\/hard-cross-hc5-2023.4002307741.html\" target=\"_blank\" rel=\"noopener\"><span style=\"color: #00ff00\"><strong><span style=\"color: #8cb425\">Zur Hertsellerseite<\/span><\/strong><\/span><\/a><\/h3>\n<ul>\n<li class=\"highlighted-specs-item\">\n<div class=\"highlighted-specs-item__text\"><span class=\"highlighted-specs-item__text-value\">27.5\u201c\/584mm<\/span><\/div>\n<\/li>\n<li class=\"highlighted-specs-item\">\n<div class=\"highlighted-specs-item__text\"><span class=\"highlighted-specs-item__text-value\"> 27.5&#8243;, Alloy 6061, integrierter Akku, Boost, 150 mm <\/span><\/div>\n<\/li>\n<li><span class=\"highlighted-specs-item__text-value\">RockShox Yari RC, DebonAir, Luft, 150 mm, tapered <\/span><\/li>\n<li><span class=\"highlighted-specs-item__text-value\">RockShox Deluxe Select+, Luft, 230&#215;62.5 mm <\/span><\/li>\n<li><span class=\"highlighted-specs-item__text-value\">Shimano EP6, DU-EP600, 250 W, 85 Nm <\/span><\/li>\n<li><span class=\"highlighted-specs-item__text-value\">Core S1+, 630 Wh, 36 V, 17,5 Ah <\/span><\/li>\n<\/ul>\n<p>&nbsp;<\/p>\n","protected":false},"excerpt":{"rendered":"<p>Das MC3 bietet alle Geometrievorteile seiner Modellgeschwister mit Carbonrahmen, kommt aber mit einem leichten und stabilen Aluminiumrahmen daher. Der neue Shimano EP6-Motor geh\u00f6rt zur Standardausstattung und sorgt f\u00fcr eine beeindruckende Mischung aus Kontrolle, Drehmoment und Komfort auf jedem Trail. Gemischte Radgr\u00f6\u00dfen gew\u00e4hrleisten die Agilit\u00e4t bei technisch anspruchsvollen Abfahrten.<\/p>\n","protected":false},"featured_media":2408,"template":"","meta":[],"product_cat":[51],"product_tag":[],"_links":{"self":[{"href":"https:\/\/shop.bikeomania-obrigheim.de\/index.php?rest_route=\/wp\/v2\/product\/2407"}],"collection":[{"href":"https:\/\/shop.bikeomania-obrigheim.de\/index.php?rest_route=\/wp\/v2\/product"}],"about":[{"href":"https:\/\/shop.bikeomania-obrigheim.de\/index.php?rest_route=\/wp\/v2\/types\/product"}],"wp:featuredmedia":[{"embeddable":true,"href":"https:\/\/shop.bikeomania-obrigheim.de\/index.php?rest_route=\/wp\/v2\/media\/2408"}],"wp:attachment":[{"href":"https:\/\/shop.bikeomania-obrigheim.de\/index.php?rest_route=%2Fwp%2Fv2%2Fmedia&parent=2407"}],"wp:term":[{"taxonomy":"product_cat","embeddable":true,"href":"https:\/\/shop.bikeomania-obrigheim.de\/index.php?rest_route=%2Fwp%2Fv2%2Fproduct_cat&post=2407"},{"taxonomy":"product_tag","embeddable":true,"href":"https:\/\/shop.bikeomania-obrigheim.de\/index.php?rest_route=%2Fwp%2Fv2%2Fproduct_tag&post=2407"}],"curies":[{"name":"wp","href":"https:\/\/api.w.org\/{rel}","templated":true}]}}