{"id":2430,"date":"2024-02-22T10:19:27","date_gmt":"2024-02-22T10:19:27","guid":{"rendered":"https:\/\/shop.bikeomania-obrigheim.de\/?post_type=product&#038;p=2430"},"modified":"2024-02-22T10:24:19","modified_gmt":"2024-02-22T10:24:19","slug":"cannondale-trail-20-kids-girls","status":"publish","type":"product","link":"https:\/\/shop.bikeomania-obrigheim.de\/?product=cannondale-trail-20-kids-girls","title":{"rendered":"Cannondale Trail 20 Kids Girls"},"content":{"rendered":"<h2><img class=\"alignnone size-medium wp-image-1210\" src=\"https:\/\/shop.bikeomania-obrigheim.de\/wp-content\/uploads\/2021\/01\/Cannondale-1-300x56.jpg\" alt=\"\" width=\"300\" height=\"56\" srcset=\"https:\/\/shop.bikeomania-obrigheim.de\/wp-content\/uploads\/2021\/01\/Cannondale-1-300x56.jpg 300w, https:\/\/shop.bikeomania-obrigheim.de\/wp-content\/uploads\/2021\/01\/Cannondale-1.jpg 631w\" sizes=\"(max-width: 300px) 100vw, 300px\" \/><\/h2>\n<h1 class=\"headline bike-configuration__headline\" data-sku=\"7149-2021\" data-model-code=\"C65451M\"><strong class=\"platform\">Trail 20 Kids Girls<br \/>\n<\/strong><\/h1>\n<div class=\"c-bike-details__prices\">\n<h3><\/h3>\n<h3 class=\"c-bike-details__prices-text\"><strong>349,00 EU<\/strong>R<\/h3>\n<div class=\"c-bike-details__prices-note\">Unverbindliche Preisempfehlung (inklusive der g\u00fcltigen gesetzlichen MwSt.)<\/div>\n<\/div>\n<pre>Verf\u00fcgbar in Obrigheim: 20''\r\n\r\n<\/pre>\n<p>&nbsp;<\/p>\n<h3 class=\"title18 font-bold text-uppercase\"><a href=\"https:\/\/www.cannondale.com\/de-de\/bikes\/kids\/5-to-8\/kids-trail-5-to-8\/kids-trail-20-girls\" target=\"_blank\" rel=\"noopener\"><span style=\"color: #00ff00\"><strong><span style=\"color: #8cb425\">Zur Hertsellerseite<\/span><\/strong><\/span><\/a><\/h3>\n<p>&nbsp;<\/p>\n<p>Besonderheiten:<\/p>\n<ul>\n<li>Robuster, leichter Aluminiumrahmen f\u00fcr kinderleichtes Handling und mehr Fahrspa\u00df.<\/li>\n<li>7-fach-Antrieb mit gro\u00dfer \u00dcbersetzungsbandbreite und leichtg\u00e4ngigem Drehschaltgriff speziell f\u00fcr Kinderh\u00e4nde<\/li>\n<li>20&#8243;-Aluminiumfelgen mit vielseitigen Multi-Terrain-Reifen<\/li>\n<\/ul>\n","protected":false},"excerpt":{"rendered":"<p>Mit diesem sportlichen Bike k\u00f6nnen Kids dank der Gangschaltung ihre Freiheit noch mehr genie\u00dfen und ihren Aktionsradius vergr\u00f6\u00dfern, um auf dem Gehweg zu cruisen oder \u00fcber einfache Trails zu heizen.<\/p>\n","protected":false},"featured_media":2431,"template":"","meta":[],"product_cat":[69],"product_tag":[],"_links":{"self":[{"href":"https:\/\/shop.bikeomania-obrigheim.de\/index.php?rest_route=\/wp\/v2\/product\/2430"}],"collection":[{"href":"https:\/\/shop.bikeomania-obrigheim.de\/index.php?rest_route=\/wp\/v2\/product"}],"about":[{"href":"https:\/\/shop.bikeomania-obrigheim.de\/index.php?rest_route=\/wp\/v2\/types\/product"}],"wp:featuredmedia":[{"embeddable":true,"href":"https:\/\/shop.bikeomania-obrigheim.de\/index.php?rest_route=\/wp\/v2\/media\/2431"}],"wp:attachment":[{"href":"https:\/\/shop.bikeomania-obrigheim.de\/index.php?rest_route=%2Fwp%2Fv2%2Fmedia&parent=2430"}],"wp:term":[{"taxonomy":"product_cat","embeddable":true,"href":"https:\/\/shop.bikeomania-obrigheim.de\/index.php?rest_route=%2Fwp%2Fv2%2Fproduct_cat&post=2430"},{"taxonomy":"product_tag","embeddable":true,"href":"https:\/\/shop.bikeomania-obrigheim.de\/index.php?rest_route=%2Fwp%2Fv2%2Fproduct_tag&post=2430"}],"curies":[{"name":"wp","href":"https:\/\/api.w.org\/{rel}","templated":true}]}}